{"id":16,"date":"2015-03-06T20:15:15","date_gmt":"2015-03-06T20:15:15","guid":{"rendered":"http:\/\/serwer1315289.home.pl\/autoinstalator\/wordpress2\/?page_id=16"},"modified":"2025-04-08T00:29:45","modified_gmt":"2025-04-07T22:29:45","slug":"kontakt","status":"publish","type":"page","link":"https:\/\/wirtualnebiuro.info.pl\/?page_id=16","title":{"rendered":"Kontakt"},"content":{"rendered":"<table>\n<tbody>\n<tr>\n<td>\n<h2><span style=\"vertical-align: inherit;\"><span style=\"vertical-align: inherit;\">Wirtualne Biuro Chorz\u00f3w<\/span><\/span><\/h2>\n<h3 class=\"company-title\"><span style=\"vertical-align: inherit;\">Ko\u015bciuszki 63 <\/span><br \/>\n<span style=\"vertical-align: inherit;\">41-500 Chorz\u00f3w<\/span><\/h3>\n<p><a href=\"http:\/\/chorzow.wirtualnebiuro.info.pl\"><span style=\"vertical-align: inherit;\"><span style=\"vertical-align: inherit;\">chorzow.wirtualnebiuro.info.pl<\/span><\/span><\/a><\/td>\n<td>\n<h2><span style=\"vertical-align: inherit;\"><span style=\"vertical-align: inherit;\">Wirtualne Biuro Ruda \u015al\u0105ska<\/span><\/span><\/h2>\n<h3 class=\"company-title\"><span style=\"vertical-align: inherit;\"><span style=\"vertical-align: inherit;\">Zabrza\u0144ska 24 <\/span><\/span><br \/>\n<span style=\"vertical-align: inherit;\"><span style=\"vertical-align: inherit;\">41-700 Ruda \u015al\u0105ska<\/span><\/span><\/h3>\n<p><a href=\"http:\/\/rudaslaska.wirtualnebiuro.info.pl\"><span style=\"vertical-align: inherit;\"><span style=\"vertical-align: inherit;\">rudaslaska.wirtualnebiuro.info.pl<\/span><\/span><\/a><\/td>\n<\/tr>\n<tr>\n<td><\/td>\n<td><\/td>\n<\/tr>\n<\/tbody>\n<\/table>\n<p><span style=\"vertical-align: inherit;\"><span style=\"vertical-align: inherit;\">Pracujemy poniedzia\u0142ku do pi\u0105tku w godzinach 9:00 &#8211; 15:00<\/span><\/span><\/p>\n<h2><\/h2>\n<p><strong><span style=\"vertical-align: inherit;\"><span style=\"vertical-align: inherit;\">telefon kom\u00f3rkowy:<\/span><\/span><\/strong><span style=\"vertical-align: inherit;\"><span style=\"vertical-align: inherit;\"> (+48) 577-758-194 <\/span><\/span><br \/>\n<strong><span style=\"vertical-align: inherit;\"><span style=\"vertical-align: inherit;\">telefon stacjonarny:<\/span><\/span><\/strong> <span style=\"vertical-align: inherit;\"><span style=\"vertical-align: inherit;\">(32) 241-14-30<\/span><\/span><\/p>\n<p><strong><span style=\"vertical-align: inherit;\"><span style=\"vertical-align: inherit;\">e-mail:<\/span><\/span><\/strong><span style=\"vertical-align: inherit;\"><span style=\"vertical-align: inherit;\"> kontakt@wirtualnebiuro.info.pl<\/span><\/span><\/p>\n<header id=\"header-title\" class=\"wow fadeIn\">\n<div class=\"container\">\n<div class=\"row\">\n<div class=\"col-md-7\">\n<p><iframe loading=\"lazy\" src=\"https:\/\/www.google.com\/maps\/d\/u\/0\/embed?mid=1fMhK1hck3bLBz24_KvqqVPwrevc&amp;ehbc=2E312F\" width=\"600\" height=\"450\"><\/iframe><\/p>\n<\/div>\n<\/div>\n<\/div>\n<\/header>\n<div class=\"container\"><\/div>\n<p>&nbsp;<\/p>\n","protected":false},"excerpt":{"rendered":"<p>Wirtualne Biuro Chorz\u00f3w Ko\u015bciuszki 63 41-500 Chorz\u00f3w chorzow.wirtualnebiuro.info.pl Wirtualne Biuro Ruda \u015al\u0105ska Zabrza\u0144ska 24 41-700 Ruda \u015al\u0105ska rudaslaska.wirtualnebiuro.info.pl Pracujemy poniedzia\u0142ku do pi\u0105tku w godzinach 9:00 &#8211; 15:00 telefon kom\u00f3rkowy: (+48) 577-758-194 telefon stacjonarny: (32) 241-14-30 e-mail: kontakt@wirtualnebiuro.info.pl &nbsp;<\/p>\n","protected":false},"author":1,"featured_media":0,"parent":0,"menu_order":7,"comment_status":"closed","ping_status":"open","template":"","meta":{"footnotes":""},"class_list":["post-16","page","type-page","status-publish","hentry"],"_links":{"self":[{"href":"https:\/\/wirtualnebiuro.info.pl\/index.php?rest_route=\/wp\/v2\/pages\/16","targetHints":{"allow":["GET"]}}],"collection":[{"href":"https:\/\/wirtualnebiuro.info.pl\/index.php?rest_route=\/wp\/v2\/pages"}],"about":[{"href":"https:\/\/wirtualnebiuro.info.pl\/index.php?rest_route=\/wp\/v2\/types\/page"}],"author":[{"embeddable":true,"href":"https:\/\/wirtualnebiuro.info.pl\/index.php?rest_route=\/wp\/v2\/users\/1"}],"replies":[{"embeddable":true,"href":"https:\/\/wirtualnebiuro.info.pl\/index.php?rest_route=%2Fwp%2Fv2%2Fcomments&post=16"}],"version-history":[{"count":25,"href":"https:\/\/wirtualnebiuro.info.pl\/index.php?rest_route=\/wp\/v2\/pages\/16\/revisions"}],"predecessor-version":[{"id":374,"href":"https:\/\/wirtualnebiuro.info.pl\/index.php?rest_route=\/wp\/v2\/pages\/16\/revisions\/374"}],"wp:attachment":[{"href":"https:\/\/wirtualnebiuro.info.pl\/index.php?rest_route=%2Fwp%2Fv2%2Fmedia&parent=16"}],"curies":[{"name":"wp","href":"https:\/\/api.w.org\/{rel}","templated":true}]}}