{"id":270,"date":"2018-08-07T14:52:27","date_gmt":"2018-08-07T14:52:27","guid":{"rendered":"http:\/\/wirtualnebiuro.info.pl\/?page_id=270"},"modified":"2018-08-07T14:54:10","modified_gmt":"2018-08-07T14:54:10","slug":"jak-wylaczyc-pliki-cookie","status":"publish","type":"page","link":"https:\/\/wirtualnebiuro.info.pl\/?page_id=270","title":{"rendered":"Jak wy\u0142\u0105czy\u0107 pliki Cookie?"},"content":{"rendered":"<h3><span style=\"text-decoration: underline;\"><strong>Google Chrome<\/strong><\/span><\/h3>\n<p>otw\u00f3rz menu &gt;\u00a0wybierz ustawienia &gt;\u00a0otw\u00f3rz ustawienia zaawansowane &gt;\u00a0otw\u00f3rz ustawienia tre\u015bci &gt;\u00a0zaznacz blokuj pliki cookies i dane z witryny innych firm.<\/p>\n<h3><span style=\"text-decoration: underline;\"><strong>Mozilla Firefox<\/strong><\/span><\/h3>\n<p>wybierz opcje &gt;\u00a0wybierz prywatno\u015b\u0107 &gt;\u00a0wybierz b\u0119dzie u\u017cywa\u0142 ustawie\u0144 u\u017cytkownika &gt;\u00a0odznacz pozycj\u0119 Akceptowanie ciasteczek<\/p>\n<h3><span style=\"text-decoration: underline;\"><strong>Opera<\/strong><\/span><\/h3>\n<p>Otw\u00f3rz menu &gt;\u00a0Wybierz Ustawienia &gt;\u00a0Wybierz Prywatno\u015b\u0107 i bezpiecze\u0144stwo &gt;\u00a0Zaznacz nie zezwalaj i blokuj ciasteczka<\/p>\n<h3><span style=\"text-decoration: underline;\"><strong>Microsoft Edge<\/strong><\/span><\/h3>\n<p>Otw\u00f3rz menu &gt;\u00a0Kliknij ustawienia &gt;\u00a0Wy\u015bwietl ustawienia zaawansowane &gt;\u00a0Wybierz Blokuj wszystkie pliki cookie<\/p>\n<h3><span style=\"text-decoration: underline;\"><strong>Internet Explorer<\/strong><\/span><\/h3>\n<p>otw\u00f3rz menu &gt;\u00a0Wybierz opcje internetowe &gt;\u00a0otw\u00f3rz prywatno\u015b\u0107 i kliknij zaawansowane &gt;\u00a0Zablokuj cookie domeny i innych firm<\/p>\n<h3><span style=\"text-decoration: underline;\"><strong>Safari<\/strong><\/span><\/h3>\n<p>Otw\u00f3rz menu &gt;\u00a0Kliknij Preferencje &gt;\u00a0Wybierz Prywatno\u015b\u0107 &gt;\u00a0Zaznacz w Zawsze w pozycji Blokuj pliki cookie<\/p>\n<h3><span style=\"text-decoration: underline;\"><strong>Safari iPhone<\/strong><\/span><\/h3>\n<p>Wybierz \u201cUstawienia\u201d &gt;\u00a0Wybierz Safari &gt;\u00a0Wybierz \u201cBlokuj Cookies\u201d &gt;\u00a0Zaznacz \u201cZawsze Blokuj\u201d<\/p>\n<h3><span style=\"text-decoration: underline;\"><strong>Mobile Android<\/strong><\/span><\/h3>\n<p>Kliknij w MENU &gt;\u00a0Wybierz\u00a0Ustawienia &gt;\u00a0Wybierz \u201cPrywatno\u015b\u0107 \u2026\u201d &gt;\u00a0Odznacz \u201cAkceptuj pliki cookie\u201d<\/p>\n<h3><span style=\"text-decoration: underline;\"><strong>Mobile Windows<\/strong><\/span><\/h3>\n<p>Kliknij w ikon\u0119 Menu &gt;\u00a0Wybierz Ustawienia &gt;\u00a0Wybierz Ustawienia Zaawansowane &gt;\u00a0Wybierz \u201cBlokuj wszystkie pliki cookie\u201d<\/p>\n<p>&nbsp;<\/p>\n","protected":false},"excerpt":{"rendered":"<p>Google Chrome otw\u00f3rz menu &gt;\u00a0wybierz ustawienia &gt;\u00a0otw\u00f3rz ustawienia zaawansowane &gt;\u00a0otw\u00f3rz ustawienia tre\u015bci &gt;\u00a0zaznacz blokuj pliki cookies i dane z witryny innych firm. Mozilla Firefox wybierz opcje &gt;\u00a0wybierz prywatno\u015b\u0107 &gt;\u00a0wybierz b\u0119dzie u\u017cywa\u0142 ustawie\u0144 u\u017cytkownika &gt;\u00a0odznacz pozycj\u0119 Akceptowanie ciasteczek Opera Otw\u00f3rz menu &gt;\u00a0Wybierz Ustawienia &gt;\u00a0Wybierz Prywatno\u015b\u0107 i bezpiecze\u0144stwo &gt;\u00a0Zaznacz nie zezwalaj i [&hellip;]<\/p>\n","protected":false},"author":1,"featured_media":0,"parent":0,"menu_order":0,"comment_status":"closed","ping_status":"closed","template":"","meta":{"footnotes":""},"class_list":["post-270","page","type-page","status-publish","hentry"],"_links":{"self":[{"href":"https:\/\/wirtualnebiuro.info.pl\/index.php?rest_route=\/wp\/v2\/pages\/270","targetHints":{"allow":["GET"]}}],"collection":[{"href":"https:\/\/wirtualnebiuro.info.pl\/index.php?rest_route=\/wp\/v2\/pages"}],"about":[{"href":"https:\/\/wirtualnebiuro.info.pl\/index.php?rest_route=\/wp\/v2\/types\/page"}],"author":[{"embeddable":true,"href":"https:\/\/wirtualnebiuro.info.pl\/index.php?rest_route=\/wp\/v2\/users\/1"}],"replies":[{"embeddable":true,"href":"https:\/\/wirtualnebiuro.info.pl\/index.php?rest_route=%2Fwp%2Fv2%2Fcomments&post=270"}],"version-history":[{"count":4,"href":"https:\/\/wirtualnebiuro.info.pl\/index.php?rest_route=\/wp\/v2\/pages\/270\/revisions"}],"predecessor-version":[{"id":274,"href":"https:\/\/wirtualnebiuro.info.pl\/index.php?rest_route=\/wp\/v2\/pages\/270\/revisions\/274"}],"wp:attachment":[{"href":"https:\/\/wirtualnebiuro.info.pl\/index.php?rest_route=%2Fwp%2Fv2%2Fmedia&parent=270"}],"curies":[{"name":"wp","href":"https:\/\/api.w.org\/{rel}","templated":true}]}}