{"id":74,"date":"2016-01-08T19:11:11","date_gmt":"2016-01-08T19:11:11","guid":{"rendered":"http:\/\/serwer1315289.home.pl\/autoinstalator\/wordpress2\/?page_id=74"},"modified":"2016-12-27T18:48:39","modified_gmt":"2016-12-27T18:48:39","slug":"biuro-na-godziny","status":"publish","type":"page","link":"https:\/\/wirtualnebiuro.info.pl\/?page_id=74","title":{"rendered":"BIURO NA GODZINY"},"content":{"rendered":"<p>Potrzebujesz zorganizowa\u0107 spotkanie z klientami, a nie posiadasz biura ?<\/p>\n<p>Proponujemy wynaj\u0119cie biura \/ sali z wraz z obs\u0142ug\u0105.\u00a0Biuro jest wyposa\u017cone w WI-FI, drukark\u0119, czyst\u0105 i schludn\u0105 toalet\u0119 itp.<\/p>\n<ul>\n<li>Cena za biuro z \u00a0pe\u0142nym pakietem udogodnie\u0144 (wi-fi, drukowanie, papier, kawa, herbata etc.) to 40 PLN za godzin\u0119<\/li>\n<li>Cena za wynajem sali to 40 PLN za godzin\u0119<\/li>\n<\/ul>\n<p>Poni\u017cej przedstawiamy prawdziwe zdj\u0119cia najmowanych lokali !<\/p>\n\n\t\t<style type=\"text\/css\">\n\t\t\t#gallery-1 {\n\t\t\t\tmargin: auto;\n\t\t\t}\n\t\t\t#gallery-1 .gallery-item {\n\t\t\t\tfloat: left;\n\t\t\t\tmargin-top: 10px;\n\t\t\t\ttext-align: center;\n\t\t\t\twidth: 33%;\n\t\t\t}\n\t\t\t#gallery-1 img {\n\t\t\t\tborder: 2px solid #cfcfcf;\n\t\t\t}\n\t\t\t#gallery-1 .gallery-caption {\n\t\t\t\tmargin-left: 0;\n\t\t\t}\n\t\t\t\/* see gallery_shortcode() in wp-includes\/media.php *\/\n\t\t<\/style>\n\t\t<div id='gallery-1' class='gallery galleryid-74 gallery-columns-3 gallery-size-medium'><dl class='gallery-item'>\n\t\t\t<dt class='gallery-icon landscape'>\n\t\t\t\t<a href='https:\/\/wirtualnebiuro.info.pl\/wp-content\/uploads\/2016\/01\/DSC_3066.jpg'><img loading=\"lazy\" decoding=\"async\" width=\"300\" height=\"200\" src=\"https:\/\/wirtualnebiuro.info.pl\/wp-content\/uploads\/2016\/01\/DSC_3066-300x200.jpg\" class=\"attachment-medium size-medium\" alt=\"\" srcset=\"https:\/\/wirtualnebiuro.info.pl\/wp-content\/uploads\/2016\/01\/DSC_3066-300x200.jpg 300w, https:\/\/wirtualnebiuro.info.pl\/wp-content\/uploads\/2016\/01\/DSC_3066-768x512.jpg 768w, https:\/\/wirtualnebiuro.info.pl\/wp-content\/uploads\/2016\/01\/DSC_3066.jpg 1024w\" sizes=\"auto, (max-width: 300px) 100vw, 300px\" \/><\/a>\n\t\t\t<\/dt><\/dl><dl class='gallery-item'>\n\t\t\t<dt class='gallery-icon landscape'>\n\t\t\t\t<a href='https:\/\/wirtualnebiuro.info.pl\/wp-content\/uploads\/2016\/01\/DSC_3072.jpg'><img loading=\"lazy\" decoding=\"async\" width=\"300\" height=\"196\" src=\"https:\/\/wirtualnebiuro.info.pl\/wp-content\/uploads\/2016\/01\/DSC_3072-300x196.jpg\" class=\"attachment-medium size-medium\" alt=\"\" srcset=\"https:\/\/wirtualnebiuro.info.pl\/wp-content\/uploads\/2016\/01\/DSC_3072-300x196.jpg 300w, https:\/\/wirtualnebiuro.info.pl\/wp-content\/uploads\/2016\/01\/DSC_3072-768x501.jpg 768w, https:\/\/wirtualnebiuro.info.pl\/wp-content\/uploads\/2016\/01\/DSC_3072.jpg 1024w\" sizes=\"auto, (max-width: 300px) 100vw, 300px\" \/><\/a>\n\t\t\t<\/dt><\/dl><dl class='gallery-item'>\n\t\t\t<dt class='gallery-icon landscape'>\n\t\t\t\t<a href='https:\/\/wirtualnebiuro.info.pl\/wp-content\/uploads\/2016\/01\/DSC_3075.jpg'><img loading=\"lazy\" decoding=\"async\" width=\"300\" height=\"200\" src=\"https:\/\/wirtualnebiuro.info.pl\/wp-content\/uploads\/2016\/01\/DSC_3075-300x200.jpg\" class=\"attachment-medium size-medium\" alt=\"\" srcset=\"https:\/\/wirtualnebiuro.info.pl\/wp-content\/uploads\/2016\/01\/DSC_3075-300x200.jpg 300w, https:\/\/wirtualnebiuro.info.pl\/wp-content\/uploads\/2016\/01\/DSC_3075-768x512.jpg 768w, https:\/\/wirtualnebiuro.info.pl\/wp-content\/uploads\/2016\/01\/DSC_3075.jpg 1024w\" sizes=\"auto, (max-width: 300px) 100vw, 300px\" \/><\/a>\n\t\t\t<\/dt><\/dl><br style=\"clear: both\" \/><dl class='gallery-item'>\n\t\t\t<dt class='gallery-icon landscape'>\n\t\t\t\t<a href='https:\/\/wirtualnebiuro.info.pl\/wp-content\/uploads\/2016\/01\/DSC_3076.jpg'><img loading=\"lazy\" decoding=\"async\" width=\"300\" height=\"200\" src=\"https:\/\/wirtualnebiuro.info.pl\/wp-content\/uploads\/2016\/01\/DSC_3076-300x200.jpg\" class=\"attachment-medium size-medium\" alt=\"\" srcset=\"https:\/\/wirtualnebiuro.info.pl\/wp-content\/uploads\/2016\/01\/DSC_3076-300x200.jpg 300w, https:\/\/wirtualnebiuro.info.pl\/wp-content\/uploads\/2016\/01\/DSC_3076-768x512.jpg 768w, https:\/\/wirtualnebiuro.info.pl\/wp-content\/uploads\/2016\/01\/DSC_3076.jpg 1024w\" sizes=\"auto, (max-width: 300px) 100vw, 300px\" \/><\/a>\n\t\t\t<\/dt><\/dl><dl class='gallery-item'>\n\t\t\t<dt class='gallery-icon landscape'>\n\t\t\t\t<a href='https:\/\/wirtualnebiuro.info.pl\/wp-content\/uploads\/2016\/01\/DSC_3078.jpg'><img loading=\"lazy\" decoding=\"async\" width=\"300\" height=\"200\" src=\"https:\/\/wirtualnebiuro.info.pl\/wp-content\/uploads\/2016\/01\/DSC_3078-300x200.jpg\" class=\"attachment-medium size-medium\" alt=\"\" srcset=\"https:\/\/wirtualnebiuro.info.pl\/wp-content\/uploads\/2016\/01\/DSC_3078-300x200.jpg 300w, https:\/\/wirtualnebiuro.info.pl\/wp-content\/uploads\/2016\/01\/DSC_3078-768x512.jpg 768w, https:\/\/wirtualnebiuro.info.pl\/wp-content\/uploads\/2016\/01\/DSC_3078.jpg 1024w\" sizes=\"auto, (max-width: 300px) 100vw, 300px\" \/><\/a>\n\t\t\t<\/dt><\/dl><dl class='gallery-item'>\n\t\t\t<dt class='gallery-icon landscape'>\n\t\t\t\t<a href='https:\/\/wirtualnebiuro.info.pl\/wp-content\/uploads\/2016\/01\/DSC_3080.jpg'><img loading=\"lazy\" decoding=\"async\" width=\"300\" height=\"200\" src=\"https:\/\/wirtualnebiuro.info.pl\/wp-content\/uploads\/2016\/01\/DSC_3080-300x200.jpg\" class=\"attachment-medium size-medium\" alt=\"\" srcset=\"https:\/\/wirtualnebiuro.info.pl\/wp-content\/uploads\/2016\/01\/DSC_3080-300x200.jpg 300w, https:\/\/wirtualnebiuro.info.pl\/wp-content\/uploads\/2016\/01\/DSC_3080-768x512.jpg 768w, https:\/\/wirtualnebiuro.info.pl\/wp-content\/uploads\/2016\/01\/DSC_3080.jpg 1024w\" sizes=\"auto, (max-width: 300px) 100vw, 300px\" \/><\/a>\n\t\t\t<\/dt><\/dl><br style=\"clear: both\" \/><dl class='gallery-item'>\n\t\t\t<dt class='gallery-icon landscape'>\n\t\t\t\t<a href='https:\/\/wirtualnebiuro.info.pl\/wp-content\/uploads\/2016\/01\/DSC_3082.jpg'><img loading=\"lazy\" decoding=\"async\" width=\"300\" height=\"200\" src=\"https:\/\/wirtualnebiuro.info.pl\/wp-content\/uploads\/2016\/01\/DSC_3082-300x200.jpg\" class=\"attachment-medium size-medium\" alt=\"\" srcset=\"https:\/\/wirtualnebiuro.info.pl\/wp-content\/uploads\/2016\/01\/DSC_3082-300x200.jpg 300w, https:\/\/wirtualnebiuro.info.pl\/wp-content\/uploads\/2016\/01\/DSC_3082-768x512.jpg 768w, https:\/\/wirtualnebiuro.info.pl\/wp-content\/uploads\/2016\/01\/DSC_3082.jpg 1024w\" sizes=\"auto, (max-width: 300px) 100vw, 300px\" \/><\/a>\n\t\t\t<\/dt><\/dl><dl class='gallery-item'>\n\t\t\t<dt class='gallery-icon portrait'>\n\t\t\t\t<a href='https:\/\/wirtualnebiuro.info.pl\/wp-content\/uploads\/2016\/01\/DSC_3084.jpg'><img loading=\"lazy\" decoding=\"async\" width=\"200\" height=\"300\" src=\"https:\/\/wirtualnebiuro.info.pl\/wp-content\/uploads\/2016\/01\/DSC_3084-200x300.jpg\" class=\"attachment-medium size-medium\" alt=\"\" srcset=\"https:\/\/wirtualnebiuro.info.pl\/wp-content\/uploads\/2016\/01\/DSC_3084-200x300.jpg 200w, https:\/\/wirtualnebiuro.info.pl\/wp-content\/uploads\/2016\/01\/DSC_3084-768x1152.jpg 768w, https:\/\/wirtualnebiuro.info.pl\/wp-content\/uploads\/2016\/01\/DSC_3084-683x1024.jpg 683w, https:\/\/wirtualnebiuro.info.pl\/wp-content\/uploads\/2016\/01\/DSC_3084.jpg 1024w\" sizes=\"auto, (max-width: 200px) 100vw, 200px\" \/><\/a>\n\t\t\t<\/dt><\/dl><dl class='gallery-item'>\n\t\t\t<dt class='gallery-icon landscape'>\n\t\t\t\t<a href='https:\/\/wirtualnebiuro.info.pl\/wp-content\/uploads\/2016\/01\/DSC_3086.jpg'><img loading=\"lazy\" decoding=\"async\" width=\"300\" height=\"192\" src=\"https:\/\/wirtualnebiuro.info.pl\/wp-content\/uploads\/2016\/01\/DSC_3086-300x192.jpg\" class=\"attachment-medium size-medium\" alt=\"\" srcset=\"https:\/\/wirtualnebiuro.info.pl\/wp-content\/uploads\/2016\/01\/DSC_3086-300x192.jpg 300w, https:\/\/wirtualnebiuro.info.pl\/wp-content\/uploads\/2016\/01\/DSC_3086-768x491.jpg 768w, https:\/\/wirtualnebiuro.info.pl\/wp-content\/uploads\/2016\/01\/DSC_3086.jpg 1024w\" sizes=\"auto, (max-width: 300px) 100vw, 300px\" \/><\/a>\n\t\t\t<\/dt><\/dl><br style=\"clear: both\" \/><dl class='gallery-item'>\n\t\t\t<dt class='gallery-icon landscape'>\n\t\t\t\t<a href='https:\/\/wirtualnebiuro.info.pl\/wp-content\/uploads\/2016\/01\/DSC_3092.jpg'><img loading=\"lazy\" decoding=\"async\" width=\"300\" height=\"200\" src=\"https:\/\/wirtualnebiuro.info.pl\/wp-content\/uploads\/2016\/01\/DSC_3092-300x200.jpg\" class=\"attachment-medium size-medium\" alt=\"\" srcset=\"https:\/\/wirtualnebiuro.info.pl\/wp-content\/uploads\/2016\/01\/DSC_3092-300x200.jpg 300w, https:\/\/wirtualnebiuro.info.pl\/wp-content\/uploads\/2016\/01\/DSC_3092-768x512.jpg 768w, https:\/\/wirtualnebiuro.info.pl\/wp-content\/uploads\/2016\/01\/DSC_3092.jpg 1024w\" sizes=\"auto, (max-width: 300px) 100vw, 300px\" \/><\/a>\n\t\t\t<\/dt><\/dl><dl class='gallery-item'>\n\t\t\t<dt class='gallery-icon landscape'>\n\t\t\t\t<a href='https:\/\/wirtualnebiuro.info.pl\/wp-content\/uploads\/2016\/01\/DSC_3094.jpg'><img loading=\"lazy\" decoding=\"async\" width=\"300\" height=\"200\" src=\"https:\/\/wirtualnebiuro.info.pl\/wp-content\/uploads\/2016\/01\/DSC_3094-300x200.jpg\" class=\"attachment-medium size-medium\" alt=\"\" srcset=\"https:\/\/wirtualnebiuro.info.pl\/wp-content\/uploads\/2016\/01\/DSC_3094-300x200.jpg 300w, https:\/\/wirtualnebiuro.info.pl\/wp-content\/uploads\/2016\/01\/DSC_3094-768x512.jpg 768w, https:\/\/wirtualnebiuro.info.pl\/wp-content\/uploads\/2016\/01\/DSC_3094.jpg 1024w\" sizes=\"auto, (max-width: 300px) 100vw, 300px\" \/><\/a>\n\t\t\t<\/dt><\/dl><dl class='gallery-item'>\n\t\t\t<dt class='gallery-icon landscape'>\n\t\t\t\t<a href='https:\/\/wirtualnebiuro.info.pl\/wp-content\/uploads\/2016\/01\/DSC_3096.jpg'><img loading=\"lazy\" decoding=\"async\" width=\"300\" height=\"200\" src=\"https:\/\/wirtualnebiuro.info.pl\/wp-content\/uploads\/2016\/01\/DSC_3096-300x200.jpg\" class=\"attachment-medium size-medium\" alt=\"\" srcset=\"https:\/\/wirtualnebiuro.info.pl\/wp-content\/uploads\/2016\/01\/DSC_3096-300x200.jpg 300w, https:\/\/wirtualnebiuro.info.pl\/wp-content\/uploads\/2016\/01\/DSC_3096-768x512.jpg 768w, https:\/\/wirtualnebiuro.info.pl\/wp-content\/uploads\/2016\/01\/DSC_3096.jpg 1024w\" sizes=\"auto, (max-width: 300px) 100vw, 300px\" \/><\/a>\n\t\t\t<\/dt><\/dl><br style=\"clear: both\" \/>\n\t\t<\/div>\n\n","protected":false},"excerpt":{"rendered":"<p>Potrzebujesz zorganizowa\u0107 spotkanie z klientami, a nie posiadasz biura ? Proponujemy wynaj\u0119cie biura \/ sali z wraz z obs\u0142ug\u0105.\u00a0Biuro jest wyposa\u017cone w WI-FI, drukark\u0119, czyst\u0105 i schludn\u0105 toalet\u0119 itp. Cena za biuro z \u00a0pe\u0142nym pakietem udogodnie\u0144 (wi-fi, drukowanie, papier, kawa, herbata etc.) to 40 PLN za godzin\u0119 Cena za wynajem [&hellip;]<\/p>\n","protected":false},"author":1,"featured_media":0,"parent":20,"menu_order":3,"comment_status":"closed","ping_status":"closed","template":"","meta":{"footnotes":""},"class_list":["post-74","page","type-page","status-publish","hentry"],"_links":{"self":[{"href":"https:\/\/wirtualnebiuro.info.pl\/index.php?rest_route=\/wp\/v2\/pages\/74","targetHints":{"allow":["GET"]}}],"collection":[{"href":"https:\/\/wirtualnebiuro.info.pl\/index.php?rest_route=\/wp\/v2\/pages"}],"about":[{"href":"https:\/\/wirtualnebiuro.info.pl\/index.php?rest_route=\/wp\/v2\/types\/page"}],"author":[{"embeddable":true,"href":"https:\/\/wirtualnebiuro.info.pl\/index.php?rest_route=\/wp\/v2\/users\/1"}],"replies":[{"embeddable":true,"href":"https:\/\/wirtualnebiuro.info.pl\/index.php?rest_route=%2Fwp%2Fv2%2Fcomments&post=74"}],"version-history":[{"count":6,"href":"https:\/\/wirtualnebiuro.info.pl\/index.php?rest_route=\/wp\/v2\/pages\/74\/revisions"}],"predecessor-version":[{"id":175,"href":"https:\/\/wirtualnebiuro.info.pl\/index.php?rest_route=\/wp\/v2\/pages\/74\/revisions\/175"}],"up":[{"embeddable":true,"href":"https:\/\/wirtualnebiuro.info.pl\/index.php?rest_route=\/wp\/v2\/pages\/20"}],"wp:attachment":[{"href":"https:\/\/wirtualnebiuro.info.pl\/index.php?rest_route=%2Fwp%2Fv2%2Fmedia&parent=74"}],"curies":[{"name":"wp","href":"https:\/\/api.w.org\/{rel}","templated":true}]}}